{"id":8469,"date":"2024-07-01T15:12:28","date_gmt":"2024-07-01T14:12:28","guid":{"rendered":"https:\/\/dev.qualityspiritsinternational.com\/gin\/"},"modified":"2026-03-13T15:48:08","modified_gmt":"2026-03-13T15:48:08","slug":"ginebra","status":"publish","type":"page","link":"https:\/\/www.qualityspiritsinternational.com\/es\/nuestras-marcas\/ginebra\/","title":{"rendered":"Ginebra"},"content":{"rendered":"[vc_row type=\u00bbin_container\u00bb full_screen_row_position=\u00bbmiddle\u00bb column_margin=\u00bbdefault\u00bb column_direction=\u00bbdefault\u00bb column_direction_tablet=\u00bbdefault\u00bb column_direction_phone=\u00bbdefault\u00bb scene_position=\u00bbcenter\u00bb top_padding=\u00bb0&#8243; bottom_padding=\u00bb80&#8243; text_color=\u00bbdark\u00bb text_align=\u00bbcenter\u00bb row_border_radius=\u00bbnone\u00bb row_border_radius_applies=\u00bbbg\u00bb overflow=\u00bbvisible\u00bb overlay_strength=\u00bb0.3&#8243; gradient_direction=\u00bbleft_to_right\u00bb shape_divider_position=\u00bbbottom\u00bb bg_image_animation=\u00bbnone\u00bb gradient_type=\u00bbdefault\u00bb shape_type=\u00bb\u00bb][vc_column column_padding=\u00bbno-extra-padding\u00bb column_padding_tablet=\u00bbinherit\u00bb column_padding_phone=\u00bbinherit\u00bb column_padding_position=\u00bball\u00bb column_element_direction_desktop=\u00bbdefault\u00bb column_element_spacing=\u00bbdefault\u00bb desktop_text_alignment=\u00bbdefault\u00bb tablet_text_alignment=\u00bbdefault\u00bb phone_text_alignment=\u00bbdefault\u00bb background_color_opacity=\u00bb1&#8243; background_hover_color_opacity=\u00bb1&#8243; column_backdrop_filter=\u00bbnone\u00bb column_shadow=\u00bbnone\u00bb column_border_radius=\u00bbnone\u00bb column_link_target=\u00bb_self\u00bb column_position=\u00bbdefault\u00bb gradient_direction=\u00bbleft_to_right\u00bb overlay_strength=\u00bb0.3&#8243; width=\u00bb1\/1&#8243; tablet_width_inherit=\u00bbdefault\u00bb animation_type=\u00bbdefault\u00bb bg_image_animation=\u00bbnone\u00bb border_type=\u00bbsimple\u00bb column_border_width=\u00bbnone\u00bb column_border_style=\u00bbsolid\u00bb][nectar_gradient_text heading_tag=\u00bbh1&#8243; color=\u00bbextra-color-gradient-2&#8243; gradient_direction=\u00bbhorizontal\u00bb text=\u00bbGinebra\u00bb][vc_column_text max_width=\u00bb850&#8243;]\n<div class=\"ewa-rteLine\">\n<p><span data-sheets-root=\"1\">En QSI, tambi\u00e9n ofrecemos una amplia selecci\u00f3n de marcas de ginebra de alta calidad a un precio asequible para que puedas complementar tu oferta. Nuestras marcas de ginebra se destilan y embotellan en Escocia y presentan diferentes perfiles en cuanto a sabor. Adem\u00e1s, su relaci\u00f3n calidad-precio es excelente.<\/span><\/p>\n<p>Elaboradas con la m\u00e1xima atenci\u00f3n al detalle e ingredientes de gran calidad, nuestras marcas de ginebra incluyen Charing Cross, una ginebra seca londinense o London Dry, cl\u00e1sica y tradicional, y The Gin Factory, una ginebra \u00fanica infusionada con romero arom\u00e1tica y olorosa.<\/p>\n<\/div>\n[\/vc_column_text][\/vc_column][\/vc_row][vc_row type=\u00bbfull_width_background\u00bb full_screen_row_position=\u00bbmiddle\u00bb column_margin=\u00bbdefault\u00bb column_direction=\u00bbdefault\u00bb column_direction_tablet=\u00bbdefault\u00bb column_direction_phone=\u00bbdefault\u00bb bg_color=\u00bb#f2f2f2&#8243; bg_image=\u00bb8367&#8243; bg_position=\u00bbleft top\u00bb background_image_loading=\u00bbdefault\u00bb bg_repeat=\u00bbno-repeat\u00bb scene_position=\u00bbcenter\u00bb top_padding=\u00bb0%\u00bb bottom_padding=\u00bb4%\u00bb text_color=\u00bbdark\u00bb text_align=\u00bbleft\u00bb row_border_radius=\u00bbnone\u00bb row_border_radius_applies=\u00bbbg\u00bb overflow=\u00bbvisible\u00bb overlay_strength=\u00bb0.3&#8243; gradient_direction=\u00bbleft_to_right\u00bb shape_divider_position=\u00bbbottom\u00bb bg_image_animation=\u00bbnone\u00bb gradient_type=\u00bbdefault\u00bb shape_type=\u00bb\u00bb][vc_column column_padding=\u00bbno-extra-padding\u00bb column_padding_tablet=\u00bbinherit\u00bb column_padding_phone=\u00bbinherit\u00bb column_padding_position=\u00bball\u00bb column_element_direction_desktop=\u00bbdefault\u00bb column_element_spacing=\u00bbdefault\u00bb desktop_text_alignment=\u00bbdefault\u00bb tablet_text_alignment=\u00bbdefault\u00bb phone_text_alignment=\u00bbdefault\u00bb background_color_opacity=\u00bb1&#8243; background_hover_color_opacity=\u00bb1&#8243; column_backdrop_filter=\u00bbnone\u00bb column_shadow=\u00bbnone\u00bb column_border_radius=\u00bbnone\u00bb column_link_target=\u00bb_self\u00bb column_position=\u00bbdefault\u00bb gradient_direction=\u00bbleft_to_right\u00bb overlay_strength=\u00bb0.3&#8243; width=\u00bb1\/1&#8243; tablet_width_inherit=\u00bbdefault\u00bb animation_type=\u00bbdefault\u00bb bg_image_animation=\u00bbnone\u00bb border_type=\u00bbsimple\u00bb column_border_width=\u00bbnone\u00bb column_border_style=\u00bbsolid\u00bb][vc_raw_html]JTNDZGl2JTIwY2xhc3MlM0QlMjJuZWN0YXItcG9zdC1ncmlkLWZpbHRlcnMlMjBjdXN0b21CcmFuZHNfX25hdmlnYXRpb24lMjIlM0UlMEElMjAlMjAlMjAlMjAlMjAlMjAlMjAlMjAlM0NoNCUzRUZpbHRlciUzQyUyRmg0JTNFJTBBJTBBJTIwJTIwJTIwJTIwJTIwJTIwJTIwJTIwJTIwJTNDZGl2JTNFJTBBJTIwJTIwJTIwJTIwJTIwJTIwJTIwJTIwJTIwJTIwJTIwJTIwJTNDYSUyMGhyZWYlM0QlMjIlMkZlcyUyRm51ZXN0cmFzLW1hcmNhcyUyRiUyMiUzRVRvZG9zJTNDJTJGYSUzRSUwQSUyMCUyMCUyMCUyMCUyMCUyMCUyMCUyMCUyMCUyMCUyMCUyMCUzQ2ElMjBocmVmJTNEJTIyJTJGZXMlMkZudWVzdHJhcy1tYXJjYXMlMkZ3aGlza3ktZXNjb2Nlcy1ibGVuZGVkJTJGJTIyJTNFV2hpc2tpZXMlMjBlc2NvY2VzZXMlMjBkZSUyMG1lemNsYSUzQyUyRmElM0UlMEElMjAlMjAlMjAlMjAlMjAlMjAlMjAlMjAlMjAlMjAlMjAlMjAlM0NhJTIwaHJlZiUzRCUyMiUyRmVzJTJGbnVlc3RyYXMtbWFyY2FzJTJGd2hpc2t5LWVzY29jZXMtc2luZ2xlLW1hbHQlMkYlMjIlM0VQdXJvcyUyMGRlJTIwbWFsdGElM0MlMkZhJTNFJTBBJTIwJTIwJTIwJTIwJTIwJTIwJTIwJTIwJTIwJTIwJTIwJTIwJTNDYSUyMCUyMGhyZWYlM0QlMjIlMkZlcyUyRm51ZXN0cmFzLW1hcmNhcyUyRndoaXNreS1ib3VyYm9uJTJGJTIyJTNFV2hpc2t5JTIwQm91cmJvbiUzQyUyRmElM0UlMEElMjAlMjAlMjAlMjAlMjAlMjAlMjAlMjAlMjAlMjAlMjAlMjAlM0NhJTIwaHJlZiUzRCUyMiUyRmVzJTJGbnVlc3RyYXMtbWFyY2FzJTJGd2hpc2t5LWlybGFuZGVzJTJGJTIyJTNFV2hpc2t5JTIwaXJsYW5kJUMzJUE5cyUzQyUyRmElM0UlMEElMjAlMjAlMjAlMjAlMjAlMjAlMjAlMjAlMjAlMjAlMjAlMjAlM0NhJTIwY2xhc3MlM0QlMjJhY3RpdmUlMjIlMjBocmVmJTNEJTIyJTJGZXMlMkZudWVzdHJhcy1tYXJjYXMlMkZnaW5lYnJhJTJGJTIyJTNFR2luZWJyYSUzQyUyRmElM0UlMEElMjAlMjAlMjAlMjAlMjAlMjAlMjAlMjAlM0MlMkZkaXYlM0UlMEElMjAlMjAlMjAlMjAlM0MlMkZkaXYlM0UlMEElMjAlMjAlMjAlMjAlM0MlMkZkaXYlM0UlMEElMEElMjAlMjAlMjAlMjAlM0NzdHlsZSUzRSUwQSUyMCUyMCUyMCUyMCUyMCUyMCUyMCUyMC5uZWN0YXItcG9zdC1ncmlkLWZpbHRlcnMlNUJkYXRhLXNvcnRhYmxlJTNEeWVzJTVEJTIwJTdCJTBBJTIwJTIwJTIwJTIwJTIwJTIwJTIwJTIwJTIwJTIwJTIwJTIwZGlzcGxheSUzQSUyMG5vbmUlM0IlMEElMjAlMjAlMjAlMjAlMjAlMjAlMjAlMjAlN0QlMEElMEElMjAlMjAlMjAlMjAlMjAlMjAlMjAlMjAuY3VzdG9tQnJhbmRzX19uYXZpZ2F0aW9uJTIwJTdCJTBBJTIwJTIwJTIwJTIwJTIwJTIwJTIwJTIwJTIwJTIwJTIwJTIwZGlzcGxheSUzQSUyMGJsb2NrJTNCJTBBJTIwJTIwJTIwJTIwJTIwJTIwJTIwJTIwJTIwJTIwJTIwJTIwbWFyZ2luLWJvdHRvbSUzQSUyMC01MHB4JTIwJTIxaW1wb3J0YW50JTNCJTBBJTIwJTIwJTIwJTIwJTIwJTIwJTIwJTIwJTdEJTBBJTBBJTIwJTIwJTIwJTIwJTIwJTIwJTIwJTIwLmN1c3RvbUJyYW5kc19fbmF2aWdhdGlvbiUyMGg0JTIwJTdCJTBBJTIwJTIwJTIwJTIwJTIwJTIwJTIwJTIwJTIwJTIwJTIwJTIwZm9udC1mYW1pbHklM0ElMjBJbnRlcnN0YXRlJTIwJTIxaW1wb3J0YW50JTNCJTBBJTIwJTIwJTIwJTIwJTIwJTIwJTIwJTIwJTIwJTIwJTIwJTIwdGV4dC10cmFuc2Zvcm0lM0ElMjBub25lJTIwJTIxaW1wb3J0YW50JTNCJTBBJTIwJTIwJTIwJTIwJTIwJTIwJTIwJTIwJTIwJTIwJTIwJTIwbGV0dGVyLXNwYWNpbmclM0ElMjAwJTNCJTBBJTIwJTIwJTIwJTIwJTIwJTIwJTIwJTIwJTIwJTIwJTIwJTIwZm9udC1zaXplJTNBJTIwMThweCUyMCUyMWltcG9ydGFudCUzQiUwQSUyMCUyMCUyMCUyMCUyMCUyMCUyMCUyMCUyMCUyMCUyMCUyMGZvbnQtd2VpZ2h0JTNBJTIwNTAwJTIwJTIxaW1wb3J0YW50JTNCJTBBJTIwJTIwJTIwJTIwJTIwJTIwJTIwJTIwJTIwJTIwJTIwJTIwcGFkZGluZyUzQSUyMDEwcHglMjA0MHB4JTIwMTBweCUyMDYwcHglM0IlMEElMjAlMjAlMjAlMjAlMjAlMjAlMjAlMjAlMjAlMjAlMjAlMjBtYXJnaW4tYm90dG9tJTNBJTIwMCUyMCUyMWltcG9ydGFudCUzQiUwQSUyMCUyMCUyMCUyMCUyMCUyMCUyMCUyMCUyMCUyMCUyMCUyMGJvcmRlciUzQSUyMDFweCUyMHNvbGlkJTIwcmdiYSUyODAlMkMlMjAwJTJDJTIwMCUyQyUyMC4xNSUyOSUzQiUwQSUyMCUyMCUyMCUyMCUyMCUyMCUyMCUyMCU3RCUwQSUyMCUyMCUyMCUyMCUyMCUyMCUyMCUyMC5jdXN0b21CcmFuZHNfX25hdmlnYXRpb24lMjBoNC5hY3RpdmUlM0FiZWZvcmUlMjAlN0IlMEElMjAlMjAlMjAlMjAlMjAlMjAlMjAlMjAlMjAlMjAlMjAlMjB0cmFuc2Zvcm0lM0ElMjByb3RhdGUlMjg5MGRlZyUyOSUzQiUwQSUyMCUyMCUyMCUyMCUyMCUyMCUyMCUyMCUyMCUyMCUyMCUyMC13ZWJraXQtdHJhbnNmb3JtJTNBJTIwcm90YXRlJTI4OTBkZWclMjklM0IlMEElMjAlMjAlMjAlMjAlMjAlMjAlMjAlMjAlN0QlMEElMEElMjAlMjAlMjAlMjAlMjAlMjAlMjAlMjAuY3VzdG9tQnJhbmRzX19uYXZpZ2F0aW9uJTIwaDQuYWN0aXZlJTNBYWZ0ZXIlMjAlN0IlMEElMjAlMjAlMjAlMjAlMjAlMjAlMjAlMjAlMjAlMjAlMjAlMjB0cmFuc2Zvcm0lM0ElMjBzY2FsZVklMjgwJTI5JTIwcm90YXRlJTI4OTBkZWclMjklM0IlMEElMjAlMjAlMjAlMjAlMjAlMjAlMjAlMjAlMjAlMjAlMjAlMjAtd2Via2l0LXRyYW5zZm9ybSUzQSUyMHNjYWxlWSUyODAlMjklMjByb3RhdGUlMjg5MGRlZyUyOSUzQiUwQSUyMCUyMCUyMCUyMCUyMCUyMCUyMCUyMCU3RCUwQSUyMCUyMCUyMCUyMCUzQyUyRnN0eWxlJTNFJTBBJTBBJTIwJTIwJTIwJTIwJTNDc2NyaXB0JTNFJTBBJTIwJTIwJTIwJTIwJTIwJTIwJTIwJTIwd2luZG93LmFkZEV2ZW50TGlzdGVuZXIlMjglMjdsb2FkJTI3JTJDJTIwZnVuY3Rpb24lMjAlMjglMjklMjAlN0IlMEElMjAlMjAlMjAlMjAlMjAlMjAlMjAlMjAlMjAlMjAlMjAlMjBjb25zdCUyMGJ1dHRvbiUyMCUzRCUyMGRvY3VtZW50LnF1ZXJ5U2VsZWN0b3IlMjglMjcuY3VzdG9tQnJhbmRzX19uYXZpZ2F0aW9uJTIwaDQlMjclMjklM0IlMEElMjAlMjAlMjAlMjAlMjAlMjAlMjAlMjAlMjAlMjAlMjAlMjBjb25zdCUyMGNvbnRlbnQlMjAlM0QlMjBkb2N1bWVudC5xdWVyeVNlbGVjdG9yJTI4JTI3LmN1c3RvbUJyYW5kc19fbmF2aWdhdGlvbiUyMCUzRSUyMGRpdiUyNyUyOSUzQiUwQSUwQSUyMCUyMCUyMCUyMCUyMCUyMCUyMCUyMCUyMCUyMCUyMCUyMGJ1dHRvbi5hZGRFdmVudExpc3RlbmVyJTI4JTI3Y2xpY2slMjclMkMlMjBmdW5jdGlvbiUyOCUyOSUyMCU3QiUwQSUyMCUyMCUyMCUyMCUyMCUyMCUyMCUyMCUyMCUyMCUyMCUyMCUyMCUyMCUyMCUyMGlmJTIwJTI4Y29udGVudC5zdHlsZS5kaXNwbGF5JTIwJTNEJTNEJTNEJTIwJTI3bm9uZSUyNyUyMCU3QyU3QyUyMGNvbnRlbnQuc3R5bGUuZGlzcGxheSUyMCUzRCUzRCUzRCUyMCUyNyUyNyUyOSUyMCU3QiUwQSUyMCUyMCUyMCUyMCUyMCUyMCUyMCUyMCUyMCUyMCUyMCUyMCUyMCUyMCUyMCUyMCUyMCUyMCUyMCUyMGNvbnRlbnQuc3R5bGUuZGlzcGxheSUyMCUzRCUyMCUyN2Jsb2NrJTI3JTNCJTBBJTIwJTIwJTIwJTIwJTIwJTIwJTIwJTIwJTIwJTIwJTIwJTIwJTIwJTIwJTIwJTIwJTIwJTIwJTIwJTIwYnV0dG9uLmNsYXNzTGlzdC5hZGQlMjglMjdhY3RpdmUlMjclMjklM0IlMEElMjAlMjAlMjAlMjAlMjAlMjAlMjAlMjAlMjAlMjAlMjAlMjAlMjAlMjAlMjAlMjAlN0QlMjBlbHNlJTIwJTdCJTBBJTIwJTIwJTIwJTIwJTIwJTIwJTIwJTIwJTIwJTIwJTIwJTIwJTIwJTIwJTIwJTIwJTIwJTIwJTIwJTIwY29udGVudC5zdHlsZS5kaXNwbGF5JTIwJTNEJTIwJTI3bm9uZSUyNyUzQiUwQSUyMCUyMCUyMCUyMCUyMCUyMCUyMCUyMCUyMCUyMCUyMCUyMCUyMCUyMCUyMCUyMCUyMCUyMCUyMCUyMGJ1dHRvbi5jbGFzc0xpc3QucmVtb3ZlJTI4JTI3YWN0aXZlJTI3JTI5JTNCJTBBJTIwJTIwJTIwJTIwJTIwJTIwJTIwJTIwJTIwJTIwJTIwJTIwJTIwJTIwJTIwJTIwJTdEJTBBJTIwJTIwJTIwJTIwJTIwJTIwJTIwJTIwJTIwJTIwJTIwJTIwJTdEJTI5JTNCJTBBJTIwJTIwJTIwJTIwJTIwJTIwJTIwJTIwJTdEJTI5JTNCJTBBJTIwJTIwJTIwJTIwJTNDJTJGc2NyaXB0JTNF[\/vc_raw_html][nectar_post_grid post_type=\u00bbportfolio\u00bb portfolio_category=\u00bbgin\u00bb order=\u00bbDESC\u00bb orderby=\u00bbdate\u00bb pagination=\u00bbload-more\u00bb button_color=\u00bbaccent-color\u00bb columns=\u00bb3&#8243; grid_item_spacing=\u00bb25px\u00bb grid_item_height=\u00bb30vh\u00bb enable_masonry=\u00bbyes\u00bb image_size=\u00bbportfolio-thumb_large\u00bb aspect_ratio_image_size=\u00bbyes\u00bb custom_image_aspect_ratio=\u00bbdefault\u00bb image_loading=\u00bblazy-load\u00bb animation=\u00bbfade-in-from-bottom\u00bb heading_tag=\u00bbh4&#8243; enable_indicator=\u00bbyes\u00bb mouse_indicator_style=\u00bbdefault\u00bb mouse_indicator_text=\u00bbview\u00bb mouse_indicator_color=\u00bb#a54625&#8243; mouse_indicator_text_color=\u00bb#ffffff\u00bb display_categories=\u00bbyes\u00bb category_functionality=\u00bbstatic\u00bb category_position=\u00bbdefault\u00bb grid_style=\u00bbcontent_under_image\u00bb card_design=\u00bbyes\u00bb card_bg_color=\u00bb#ffffff\u00bb card_bg_color_hover=\u00bb#ffffff\u00bb content_under_image_text_align=\u00bbcenter\u00bb text_color=\u00bbdark\u00bb hover_effect=\u00bbnone\u00bb border_radius=\u00bbnone\u00bb card_design_bg_color=\u00bb#00cae8&#8243; posts_per_page=\u00bb15&#8243;][\/vc_column][\/vc_row][vc_row type=\u00bbfull_width_background\u00bb full_screen_row_position=\u00bbmiddle\u00bb column_margin=\u00bbdefault\u00bb equal_height=\u00bbyes\u00bb content_placement=\u00bbmiddle\u00bb column_direction=\u00bbdefault\u00bb column_direction_tablet=\u00bbdefault\u00bb column_direction_phone=\u00bbdefault\u00bb bg_color=\u00bb#ffffff\u00bb scene_position=\u00bbcenter\u00bb top_padding=\u00bb77&#8243; constrain_group_1=\u00bbyes\u00bb bottom_padding=\u00bb77&#8243; top_padding_tablet=\u00bb6%\u00bb constrain_group_3=\u00bbyes\u00bb bottom_padding_tablet=\u00bb6%\u00bb top_padding_phone=\u00bb6%\u00bb constrain_group_5=\u00bbyes\u00bb bottom_padding_phone=\u00bb6%\u00bb text_color=\u00bbdark\u00bb text_align=\u00bbleft\u00bb row_border_radius=\u00bbnone\u00bb row_border_radius_applies=\u00bbbg\u00bb overflow=\u00bbvisible\u00bb overlay_strength=\u00bb0.95&#8243; gradient_direction=\u00bbleft_to_right\u00bb shape_divider_position=\u00bbbottom\u00bb bg_image_animation=\u00bbnone\u00bb shape_type=\u00bb\u00bb gradient_type=\u00bbdefault\u00bb][vc_column top_padding_desktop=\u00bb47px\u00bb constrain_group_100=\u00bbyes\u00bb bottom_padding_desktop=\u00bb47px\u00bb left_padding_desktop=\u00bb47px\u00bb constrain_group_101=\u00bbyes\u00bb right_padding_desktop=\u00bb47px\u00bb column_element_direction_desktop=\u00bbdefault\u00bb column_element_spacing=\u00bbdefault\u00bb centered_text=\u00bbtrue\u00bb desktop_text_alignment=\u00bbcenter\u00bb tablet_text_alignment=\u00bbcenter\u00bb phone_text_alignment=\u00bbcenter\u00bb background_color_opacity=\u00bb1&#8243; background_hover_color_opacity=\u00bb1&#8243; column_backdrop_filter=\u00bbnone\u00bb column_shadow=\u00bbnone\u00bb column_border_radius=\u00bbcustom\u00bb top_left_border_radius=\u00bb25px\u00bb top_right_border_radius=\u00bb25px\u00bb bottom_right_border_radius=\u00bb25px\u00bb bottom_left_border_radius=\u00bb25px\u00bb column_link_target=\u00bb_self\u00bb column_position=\u00bbdefault\u00bb gradient_direction=\u00bbleft_to_right\u00bb overlay_strength=\u00bb0.3&#8243; width=\u00bb1\/1&#8243; tablet_width_inherit=\u00bbdefault\u00bb animation_type=\u00bbdefault\u00bb bg_image_animation=\u00bbnone\u00bb border_type=\u00bbsimple\u00bb column_border_width=\u00bb1px\u00bb column_border_color=\u00bb#a54625&#8243; column_border_style=\u00bbsolid\u00bb column_padding_type=\u00bbadvanced\u00bb gradient_type=\u00bbdefault\u00bb][split_line_heading animation_type=\u00bbtwist-in\u00bb font_style=\u00bbh2&#8243; text_color=\u00bb#d07147&#8243; content_alignment=\u00bbcenter\u00bb mobile_content_alignment=\u00bbinherit\u00bb link_target=\u00bb_self\u00bb text_content=\u00bb\u00bfListo tras las presentaciones?<br \/>\n<i>Habla con nosotros para saber m\u00e1s<\/i>\u00ab][\/split_line_heading][nectar_btn size=\u00bblarge\u00bb button_style=\u00bbregular\u00bb button_color_2=\u00bbAccent-Color\u00bb icon_family=\u00bbnone\u00bb el_class=\u00bbmb-0&#8243; text=\u00bbContacta con QSI\u00bb margin_bottom=\u00bb0&#8243; margin_top=\u00bb24&#8243; url=\u00bb\/es\/contacto\/\u00bb][\/vc_column][\/vc_row]\n","protected":false},"excerpt":{"rendered":"<p>[vc_row type=\u00bbin_container\u00bb full_screen_row_position=\u00bbmiddle\u00bb column_margin=\u00bbdefault\u00bb column_direction=\u00bbdefault\u00bb column_direction_tablet=\u00bbdefault\u00bb column_direction_phone=\u00bbdefault\u00bb scene_position=\u00bbcenter\u00bb top_padding=\u00bb0&#8243; bottom_padding=\u00bb80&#8243; text_color=\u00bbdark\u00bb text_align=\u00bbcenter\u00bb row_border_radius=\u00bbnone\u00bb row_border_radius_applies=\u00bbbg\u00bb overflow=\u00bbvisible\u00bb overlay_strength=\u00bb0.3&#8243; gradient_direction=\u00bbleft_to_right\u00bb shape_divider_position=\u00bbbottom\u00bb bg_image_animation=\u00bbnone\u00bb gradient_type=\u00bbdefault\u00bb shape_type=\u00bb\u00bb][vc_column column_padding=\u00bbno-extra-padding\u00bb column_padding_tablet=\u00bbinherit\u00bb column_padding_phone=\u00bbinherit\u00bb column_padding_position=\u00bball\u00bb column_element_direction_desktop=\u00bbdefault\u00bb column_element_spacing=\u00bbdefault\u00bb desktop_text_alignment=\u00bbdefault\u00bb tablet_text_alignment=\u00bbdefault\u00bb phone_text_alignment=\u00bbdefault\u00bb&#8230;<\/p>\n","protected":false},"author":14,"featured_media":0,"parent":8487,"menu_order":0,"comment_status":"closed","ping_status":"closed","template":"","meta":{"footnotes":""},"class_list":["post-8469","page","type-page","status-publish"],"yoast_head":"<!-- This site is optimized with the Yoast SEO plugin v27.5 - https:\/\/yoast.com\/product\/yoast-seo-wordpress\/ -->\n<title>Ginebra a buen precio | Quality Spirits International<\/title>\n<meta name=\"description\" content=\"Descubre nuestra gama de ginebras de gran calidad a un precio asequible con diferentes perfiles de sabor elaboradas con todo el esmero en Escocia. Aqu\u00ed tienes nuestra selecci\u00f3n de marcas de ginebra.\" \/>\n<meta name=\"robots\" content=\"index, follow, max-snippet:-1, max-image-preview:large, max-video-preview:-1\" \/>\n<link rel=\"canonical\" href=\"https:\/\/www.qualityspiritsinternational.com\/es\/nuestras-marcas\/ginebra\/\" \/>\n<meta property=\"og:locale\" content=\"es_ES\" \/>\n<meta property=\"og:type\" content=\"article\" \/>\n<meta property=\"og:title\" content=\"Ginebra a buen precio | Quality Spirits International\" \/>\n<meta property=\"og:description\" content=\"Descubre nuestra gama de ginebras de gran calidad a un precio asequible con diferentes perfiles de sabor elaboradas con todo el esmero en Escocia. Aqu\u00ed tienes nuestra selecci\u00f3n de marcas de ginebra.\" \/>\n<meta property=\"og:url\" content=\"https:\/\/www.qualityspiritsinternational.com\/es\/nuestras-marcas\/ginebra\/\" \/>\n<meta property=\"og:site_name\" content=\"Quality Spirits International\" \/>\n<meta property=\"article:modified_time\" content=\"2026-03-13T15:48:08+00:00\" \/>\n<meta property=\"og:image\" content=\"https:\/\/www.qualityspiritsinternational.com\/wp-content\/uploads\/2023\/03\/qsi-social-share.jpg\" \/>\n\t<meta property=\"og:image:width\" content=\"1200\" \/>\n\t<meta property=\"og:image:height\" content=\"623\" \/>\n\t<meta property=\"og:image:type\" content=\"image\/jpeg\" \/>\n<meta name=\"twitter:card\" content=\"summary_large_image\" \/>\n<meta name=\"twitter:label1\" content=\"Tiempo de lectura\" \/>\n\t<meta name=\"twitter:data1\" content=\"2 minutos\" \/>\n<script type=\"application\/ld+json\" class=\"yoast-schema-graph\">{\"@context\":\"https:\\\/\\\/schema.org\",\"@graph\":[{\"@type\":\"Article\",\"@id\":\"https:\\\/\\\/www.qualityspiritsinternational.com\\\/es\\\/nuestras-marcas\\\/ginebra\\\/#article\",\"isPartOf\":{\"@id\":\"https:\\\/\\\/www.qualityspiritsinternational.com\\\/es\\\/nuestras-marcas\\\/ginebra\\\/\"},\"author\":{\"name\":\"Alex McDonald\",\"@id\":\"https:\\\/\\\/www.qualityspiritsinternational.com\\\/es\\\/#\\\/schema\\\/person\\\/4f900d3c9d5c7887f2b50e9fef8d8e25\"},\"headline\":\"Ginebra\",\"datePublished\":\"2024-07-01T14:12:28+00:00\",\"dateModified\":\"2026-03-13T15:48:08+00:00\",\"mainEntityOfPage\":{\"@id\":\"https:\\\/\\\/www.qualityspiritsinternational.com\\\/es\\\/nuestras-marcas\\\/ginebra\\\/\"},\"wordCount\":1190,\"inLanguage\":\"es\"},{\"@type\":\"WebPage\",\"@id\":\"https:\\\/\\\/www.qualityspiritsinternational.com\\\/es\\\/nuestras-marcas\\\/ginebra\\\/\",\"url\":\"https:\\\/\\\/www.qualityspiritsinternational.com\\\/es\\\/nuestras-marcas\\\/ginebra\\\/\",\"name\":\"Ginebra a buen precio | Quality Spirits International\",\"isPartOf\":{\"@id\":\"https:\\\/\\\/www.qualityspiritsinternational.com\\\/es\\\/#website\"},\"datePublished\":\"2024-07-01T14:12:28+00:00\",\"dateModified\":\"2026-03-13T15:48:08+00:00\",\"description\":\"Descubre nuestra gama de ginebras de gran calidad a un precio asequible con diferentes perfiles de sabor elaboradas con todo el esmero en Escocia. Aqu\u00ed tienes nuestra selecci\u00f3n de marcas de ginebra.\",\"breadcrumb\":{\"@id\":\"https:\\\/\\\/www.qualityspiritsinternational.com\\\/es\\\/nuestras-marcas\\\/ginebra\\\/#breadcrumb\"},\"inLanguage\":\"es\",\"potentialAction\":[{\"@type\":\"ReadAction\",\"target\":[\"https:\\\/\\\/www.qualityspiritsinternational.com\\\/es\\\/nuestras-marcas\\\/ginebra\\\/\"]}]},{\"@type\":\"BreadcrumbList\",\"@id\":\"https:\\\/\\\/www.qualityspiritsinternational.com\\\/es\\\/nuestras-marcas\\\/ginebra\\\/#breadcrumb\",\"itemListElement\":[{\"@type\":\"ListItem\",\"position\":1,\"name\":\"Home\",\"item\":\"https:\\\/\\\/www.qualityspiritsinternational.com\\\/es\\\/\"},{\"@type\":\"ListItem\",\"position\":2,\"name\":\"Nuestras marcas\",\"item\":\"https:\\\/\\\/www.qualityspiritsinternational.com\\\/es\\\/nuestras-marcas\\\/\"},{\"@type\":\"ListItem\",\"position\":3,\"name\":\"Ginebra\"}]},{\"@type\":\"WebSite\",\"@id\":\"https:\\\/\\\/www.qualityspiritsinternational.com\\\/es\\\/#website\",\"url\":\"https:\\\/\\\/www.qualityspiritsinternational.com\\\/es\\\/\",\"name\":\"Quality Spirits International\",\"description\":\"Spirits in good company\",\"alternateName\":\"QSI\",\"potentialAction\":[{\"@type\":\"SearchAction\",\"target\":{\"@type\":\"EntryPoint\",\"urlTemplate\":\"https:\\\/\\\/www.qualityspiritsinternational.com\\\/es\\\/?s={search_term_string}\"},\"query-input\":{\"@type\":\"PropertyValueSpecification\",\"valueRequired\":true,\"valueName\":\"search_term_string\"}}],\"inLanguage\":\"es\"},{\"@type\":\"Person\",\"@id\":\"https:\\\/\\\/www.qualityspiritsinternational.com\\\/es\\\/#\\\/schema\\\/person\\\/4f900d3c9d5c7887f2b50e9fef8d8e25\",\"name\":\"Alex McDonald\",\"image\":{\"@type\":\"ImageObject\",\"inLanguage\":\"es\",\"@id\":\"https:\\\/\\\/secure.gravatar.com\\\/avatar\\\/e701471b3483e2e34d498c44f00b1e1e23c5f5980254d5fd1cde4394d8518f89?s=96&d=mm&r=g\",\"url\":\"https:\\\/\\\/secure.gravatar.com\\\/avatar\\\/e701471b3483e2e34d498c44f00b1e1e23c5f5980254d5fd1cde4394d8518f89?s=96&d=mm&r=g\",\"contentUrl\":\"https:\\\/\\\/secure.gravatar.com\\\/avatar\\\/e701471b3483e2e34d498c44f00b1e1e23c5f5980254d5fd1cde4394d8518f89?s=96&d=mm&r=g\",\"caption\":\"Alex McDonald\"}}]}<\/script>\n<!-- \/ Yoast SEO plugin. -->","yoast_head_json":{"title":"Ginebra a buen precio | Quality Spirits International","description":"Descubre nuestra gama de ginebras de gran calidad a un precio asequible con diferentes perfiles de sabor elaboradas con todo el esmero en Escocia. Aqu\u00ed tienes nuestra selecci\u00f3n de marcas de ginebra.","robots":{"index":"index","follow":"follow","max-snippet":"max-snippet:-1","max-image-preview":"max-image-preview:large","max-video-preview":"max-video-preview:-1"},"canonical":"https:\/\/www.qualityspiritsinternational.com\/es\/nuestras-marcas\/ginebra\/","og_locale":"es_ES","og_type":"article","og_title":"Ginebra a buen precio | Quality Spirits International","og_description":"Descubre nuestra gama de ginebras de gran calidad a un precio asequible con diferentes perfiles de sabor elaboradas con todo el esmero en Escocia. Aqu\u00ed tienes nuestra selecci\u00f3n de marcas de ginebra.","og_url":"https:\/\/www.qualityspiritsinternational.com\/es\/nuestras-marcas\/ginebra\/","og_site_name":"Quality Spirits International","article_modified_time":"2026-03-13T15:48:08+00:00","og_image":[{"width":1200,"height":623,"url":"https:\/\/www.qualityspiritsinternational.com\/wp-content\/uploads\/2023\/03\/qsi-social-share.jpg","type":"image\/jpeg"}],"twitter_card":"summary_large_image","twitter_misc":{"Tiempo de lectura":"2 minutos"},"schema":{"@context":"https:\/\/schema.org","@graph":[{"@type":"Article","@id":"https:\/\/www.qualityspiritsinternational.com\/es\/nuestras-marcas\/ginebra\/#article","isPartOf":{"@id":"https:\/\/www.qualityspiritsinternational.com\/es\/nuestras-marcas\/ginebra\/"},"author":{"name":"Alex McDonald","@id":"https:\/\/www.qualityspiritsinternational.com\/es\/#\/schema\/person\/4f900d3c9d5c7887f2b50e9fef8d8e25"},"headline":"Ginebra","datePublished":"2024-07-01T14:12:28+00:00","dateModified":"2026-03-13T15:48:08+00:00","mainEntityOfPage":{"@id":"https:\/\/www.qualityspiritsinternational.com\/es\/nuestras-marcas\/ginebra\/"},"wordCount":1190,"inLanguage":"es"},{"@type":"WebPage","@id":"https:\/\/www.qualityspiritsinternational.com\/es\/nuestras-marcas\/ginebra\/","url":"https:\/\/www.qualityspiritsinternational.com\/es\/nuestras-marcas\/ginebra\/","name":"Ginebra a buen precio | Quality Spirits International","isPartOf":{"@id":"https:\/\/www.qualityspiritsinternational.com\/es\/#website"},"datePublished":"2024-07-01T14:12:28+00:00","dateModified":"2026-03-13T15:48:08+00:00","description":"Descubre nuestra gama de ginebras de gran calidad a un precio asequible con diferentes perfiles de sabor elaboradas con todo el esmero en Escocia. Aqu\u00ed tienes nuestra selecci\u00f3n de marcas de ginebra.","breadcrumb":{"@id":"https:\/\/www.qualityspiritsinternational.com\/es\/nuestras-marcas\/ginebra\/#breadcrumb"},"inLanguage":"es","potentialAction":[{"@type":"ReadAction","target":["https:\/\/www.qualityspiritsinternational.com\/es\/nuestras-marcas\/ginebra\/"]}]},{"@type":"BreadcrumbList","@id":"https:\/\/www.qualityspiritsinternational.com\/es\/nuestras-marcas\/ginebra\/#breadcrumb","itemListElement":[{"@type":"ListItem","position":1,"name":"Home","item":"https:\/\/www.qualityspiritsinternational.com\/es\/"},{"@type":"ListItem","position":2,"name":"Nuestras marcas","item":"https:\/\/www.qualityspiritsinternational.com\/es\/nuestras-marcas\/"},{"@type":"ListItem","position":3,"name":"Ginebra"}]},{"@type":"WebSite","@id":"https:\/\/www.qualityspiritsinternational.com\/es\/#website","url":"https:\/\/www.qualityspiritsinternational.com\/es\/","name":"Quality Spirits International","description":"Spirits in good company","alternateName":"QSI","potentialAction":[{"@type":"SearchAction","target":{"@type":"EntryPoint","urlTemplate":"https:\/\/www.qualityspiritsinternational.com\/es\/?s={search_term_string}"},"query-input":{"@type":"PropertyValueSpecification","valueRequired":true,"valueName":"search_term_string"}}],"inLanguage":"es"},{"@type":"Person","@id":"https:\/\/www.qualityspiritsinternational.com\/es\/#\/schema\/person\/4f900d3c9d5c7887f2b50e9fef8d8e25","name":"Alex McDonald","image":{"@type":"ImageObject","inLanguage":"es","@id":"https:\/\/secure.gravatar.com\/avatar\/e701471b3483e2e34d498c44f00b1e1e23c5f5980254d5fd1cde4394d8518f89?s=96&d=mm&r=g","url":"https:\/\/secure.gravatar.com\/avatar\/e701471b3483e2e34d498c44f00b1e1e23c5f5980254d5fd1cde4394d8518f89?s=96&d=mm&r=g","contentUrl":"https:\/\/secure.gravatar.com\/avatar\/e701471b3483e2e34d498c44f00b1e1e23c5f5980254d5fd1cde4394d8518f89?s=96&d=mm&r=g","caption":"Alex McDonald"}}]}},"_links":{"self":[{"href":"https:\/\/www.qualityspiritsinternational.com\/es\/wp-json\/wp\/v2\/pages\/8469","targetHints":{"allow":["GET"]}}],"collection":[{"href":"https:\/\/www.qualityspiritsinternational.com\/es\/wp-json\/wp\/v2\/pages"}],"about":[{"href":"https:\/\/www.qualityspiritsinternational.com\/es\/wp-json\/wp\/v2\/types\/page"}],"author":[{"embeddable":true,"href":"https:\/\/www.qualityspiritsinternational.com\/es\/wp-json\/wp\/v2\/users\/14"}],"replies":[{"embeddable":true,"href":"https:\/\/www.qualityspiritsinternational.com\/es\/wp-json\/wp\/v2\/comments?post=8469"}],"version-history":[{"count":9,"href":"https:\/\/www.qualityspiritsinternational.com\/es\/wp-json\/wp\/v2\/pages\/8469\/revisions"}],"predecessor-version":[{"id":8997,"href":"https:\/\/www.qualityspiritsinternational.com\/es\/wp-json\/wp\/v2\/pages\/8469\/revisions\/8997"}],"up":[{"embeddable":true,"href":"https:\/\/www.qualityspiritsinternational.com\/es\/wp-json\/wp\/v2\/pages\/8487"}],"wp:attachment":[{"href":"https:\/\/www.qualityspiritsinternational.com\/es\/wp-json\/wp\/v2\/media?parent=8469"}],"curies":[{"name":"wp","href":"https:\/\/api.w.org\/{rel}","templated":true}]}}